{"id":79,"date":"2017-06-21T17:53:57","date_gmt":"2017-06-21T17:53:57","guid":{"rendered":"https:\/\/fomentoplastico.com\/wp1\/?page_id=79"},"modified":"2017-06-22T18:25:24","modified_gmt":"2017-06-22T18:25:24","slug":"quienes-somos","status":"publish","type":"page","link":"https:\/\/fomentoplastico.com\/wp1\/quienes-somos\/","title":{"rendered":"\u00bfQuienes Somos?"},"content":{"rendered":"<div id=\"pl-79\" class=\"panel-layout\">\n<div id=\"pg-79-0\" class=\"panel-grid panel-no-style\" data-style=\"{&quot;background_image_attachment&quot;:false,&quot;background_display&quot;:&quot;tile&quot;,&quot;cell_alignment&quot;:&quot;flex-start&quot;}\">\n<div id=\"pgc-79-0-0\" class=\"panel-grid-cell\" data-weight=\"1\">\n<div id=\"panel-79-0-0-0\" class=\"so-panel widget widget_sow-editor panel-first-child panel-last-child\" data-index=\"0\" data-style=\"{&quot;background_image_attachment&quot;:false,&quot;background_display&quot;:&quot;tile&quot;}\">\n<div class=\"so-widget-sow-editor so-widget-sow-editor-base\">\n<div class=\"siteorigin-widget-tinymce textwidget\">\n<p><strong>Fomento Pl\u00e1stico<\/strong> es una empresa nacional con m\u00e1s de 20 a\u00f1os de experiencia en la venta de materiales para impresi\u00f3n adem\u00e1s de la fabricaci\u00f3n de productos a la medida para su negocio.<\/p>\n<p><strong>Misi\u00f3n<\/strong><\/p>\n<p>Proveer al mercado nacional de materiales para impresi\u00f3n de alta calidad y al mejor precio.<\/p>\n<p><strong>Visi\u00f3n<\/strong><\/p>\n<p>Ser la empresa n\u00famero uno en ventas de materiales para impresi\u00f3n.<\/p>\n<p>&nbsp;<\/p>\n<p><img loading=\"lazy\" decoding=\"async\" class=\"size-full wp-image-198 aligncenter\" src=\"https:\/\/fomentoplastico.com\/wp1\/wp-content\/uploads\/2017\/06\/bigstock-Group-portrait-of-industry-wor-29337887.jpeg\" alt=\"\" width=\"900\" height=\"475\" srcset=\"https:\/\/fomentoplastico.com\/wp1\/wp-content\/uploads\/2017\/06\/bigstock-Group-portrait-of-industry-wor-29337887.jpeg 900w, https:\/\/fomentoplastico.com\/wp1\/wp-content\/uploads\/2017\/06\/bigstock-Group-portrait-of-industry-wor-29337887-300x158.jpeg 300w, https:\/\/fomentoplastico.com\/wp1\/wp-content\/uploads\/2017\/06\/bigstock-Group-portrait-of-industry-wor-29337887-768x405.jpeg 768w\" sizes=\"auto, (max-width: 900px) 100vw, 900px\" \/><\/p>\n<\/div>\n<\/div>\n<\/div>\n<\/div>\n<\/div>\n<\/div>\n","protected":false},"excerpt":{"rendered":"<p>Fomento Pl\u00e1stico es una empresa nacional con m\u00e1s de 20 a\u00f1os de experiencia en la venta de materiales para impresi\u00f3n adem\u00e1s de la fabricaci\u00f3n de productos a la medida para su negocio. Misi\u00f3n Proveer al mercado nacional de materiales para impresi\u00f3n de alta calidad y al mejor precio. Visi\u00f3n Ser la empresa n\u00famero uno en<a class=\"moretag\" href=\"https:\/\/fomentoplastico.com\/wp1\/quienes-somos\/\"><span class=\"screen-reader-text\">Read more about \u00bfQuienes Somos?<\/span>[&#8230;]<\/a><\/p>\n","protected":false},"author":1,"featured_media":0,"parent":0,"menu_order":0,"comment_status":"closed","ping_status":"closed","template":"","meta":{"ngg_post_thumbnail":0,"footnotes":""},"class_list":["post-79","page","type-page","status-publish","hentry"],"_links":{"self":[{"href":"https:\/\/fomentoplastico.com\/wp1\/wp-json\/wp\/v2\/pages\/79","targetHints":{"allow":["GET"]}}],"collection":[{"href":"https:\/\/fomentoplastico.com\/wp1\/wp-json\/wp\/v2\/pages"}],"about":[{"href":"https:\/\/fomentoplastico.com\/wp1\/wp-json\/wp\/v2\/types\/page"}],"author":[{"embeddable":true,"href":"https:\/\/fomentoplastico.com\/wp1\/wp-json\/wp\/v2\/users\/1"}],"replies":[{"embeddable":true,"href":"https:\/\/fomentoplastico.com\/wp1\/wp-json\/wp\/v2\/comments?post=79"}],"version-history":[{"count":8,"href":"https:\/\/fomentoplastico.com\/wp1\/wp-json\/wp\/v2\/pages\/79\/revisions"}],"predecessor-version":[{"id":211,"href":"https:\/\/fomentoplastico.com\/wp1\/wp-json\/wp\/v2\/pages\/79\/revisions\/211"}],"wp:attachment":[{"href":"https:\/\/fomentoplastico.com\/wp1\/wp-json\/wp\/v2\/media?parent=79"}],"curies":[{"name":"wp","href":"https:\/\/api.w.org\/{rel}","templated":true}]}}