{"id":183,"date":"2017-06-21T22:45:20","date_gmt":"2017-06-21T22:45:20","guid":{"rendered":"https:\/\/fomentoplastico.com\/wp1\/?page_id=183"},"modified":"2017-06-22T18:06:15","modified_gmt":"2017-06-22T18:06:15","slug":"productos","status":"publish","type":"page","link":"https:\/\/fomentoplastico.com\/wp1\/productos\/","title":{"rendered":"Productos"},"content":{"rendered":"<div id=\"pl-183\"  class=\"panel-layout\" ><div id=\"pg-183-0\"  class=\"panel-grid panel-no-style\" ><div id=\"pgc-183-0-0\"  class=\"panel-grid-cell\" ><div id=\"panel-183-0-0-0\" class=\"so-panel widget widget_sow-editor panel-first-child panel-last-child\" data-index=\"0\" ><div\n\t\t\t\n\t\t\tclass=\"so-widget-sow-editor so-widget-sow-editor-base\"\n\t\t\t\n\t\t>\n<div class=\"siteorigin-widget-tinymce textwidget\">\n\t<h3 class=\"widget-title\" style=\"text-align: center;\">Vinyl Adhesivo<\/h3>\n<p><img loading=\"lazy\" decoding=\"async\" class=\"wp-image-201 size-thumbnail aligncenter\" src=\"https:\/\/fomentoplastico.com\/wp1\/wp-content\/uploads\/2017\/06\/GRAPHICSdivision-150x150.png\" alt=\"\" width=\"150\" height=\"150\"\/><\/p>\n<ul>\n<li>Adhesivo Impresi\u00f3n:&nbsp; Fondo Blanco y Fondo Negro<\/li>\n<li>Corte Electr\u00f3nico \"Hexis\" (Made In France)<\/li>\n<li>Adhesivo \u201c Bat&nbsp; \u201c<\/li>\n<li>Microperforado<\/li>\n<li>Reflectivo Alta Intensidad y Grado Rotulaci\u00f3n<\/li>\n<li>Photoluminicente<\/li>\n<li>Fluorecente<\/li>\n<li>Fibra Carbono<\/li>\n<li>Black Board<\/li>\n<\/ul>\n<\/div>\n<\/div><\/div><\/div><div id=\"pgc-183-0-1\"  class=\"panel-grid-cell\" ><div id=\"panel-183-0-1-0\" class=\"so-panel widget widget_sow-editor panel-first-child panel-last-child\" data-index=\"1\" ><div\n\t\t\t\n\t\t\tclass=\"so-widget-sow-editor so-widget-sow-editor-base\"\n\t\t\t\n\t\t>\n<div class=\"siteorigin-widget-tinymce textwidget\">\n\t<h3 class=\"widget-title\" style=\"text-align: center;\">Lonas<\/h3>\n<h3 class=\"widget-title\" style=\"text-align: center;\"><img loading=\"lazy\" decoding=\"async\" class=\"wp-image-41 size-thumbnail aligncenter\" src=\"https:\/\/fomentoplastico.com\/wp1\/wp-content\/uploads\/2017\/06\/a4f999ad9744f7-150x150.jpg\" alt=\"\" width=\"150\" height=\"150\" srcset=\"https:\/\/fomentoplastico.com\/wp1\/wp-content\/uploads\/2017\/06\/a4f999ad9744f7-150x150.jpg 150w, https:\/\/fomentoplastico.com\/wp1\/wp-content\/uploads\/2017\/06\/a4f999ad9744f7-233x233.jpg 233w\" sizes=\"auto, (max-width: 150px) 100vw, 150px\" \/><\/h3>\n<ul>\n<li>Impresi\u00f3n Digital<\/li>\n<li>Lona Mesh<\/li>\n<li>100% Polyester (Sublimar)<\/li>\n<li>Lona Block Out<\/li>\n<li>Lona Trasl\u00facida<\/li>\n<li>Lona Banner<\/li>\n<\/ul>\n<\/div>\n<\/div><\/div><\/div><div id=\"pgc-183-0-2\"  class=\"panel-grid-cell\" ><div id=\"panel-183-0-2-0\" class=\"so-panel widget widget_sow-editor panel-first-child panel-last-child\" data-index=\"2\" ><div\n\t\t\t\n\t\t\tclass=\"so-widget-sow-editor so-widget-sow-editor-base\"\n\t\t\t\n\t\t>\n<div class=\"siteorigin-widget-tinymce textwidget\">\n\t<h3 class=\"widget-title\" style=\"text-align: center;\">Herrajes<\/h3>\n<p><img loading=\"lazy\" decoding=\"async\" class=\"aligncenter size-thumbnail wp-image-45\" src=\"https:\/\/fomentoplastico.com\/wp1\/wp-content\/uploads\/2017\/06\/images-150x150.jpg\" alt=\"\" width=\"150\" height=\"150\"\/><\/p>\n<ul>\n<li>&nbsp;Botones Para Toldos<\/li>\n<li>Prensas Para Toldos<\/li>\n<li>Ojetes<\/li>\n<li>Pegamento Pu Para Lona<\/li>\n<li>Roller Up<\/li>\n<li>Plumas<\/li>\n<\/ul>\n<\/div>\n<\/div><\/div><\/div><\/div><div id=\"pg-183-1\"  class=\"panel-grid panel-no-style\" ><div id=\"pgc-183-1-0\"  class=\"panel-grid-cell\" ><div id=\"panel-183-1-0-0\" class=\"so-panel widget widget_sow-editor panel-first-child panel-last-child\" data-index=\"3\" ><div\n\t\t\t\n\t\t\tclass=\"so-widget-sow-editor so-widget-sow-editor-base\"\n\t\t\t\n\t\t>\n<div class=\"siteorigin-widget-tinymce textwidget\">\n\t<h3 class=\"widget-title\" style=\"text-align: center;\">L\u00e1minas<\/h3>\n<h3 class=\"widget-title\" style=\"text-align: center;\"><img loading=\"lazy\" decoding=\"async\" class=\"aligncenter size-thumbnail wp-image-46\" src=\"https:\/\/fomentoplastico.com\/wp1\/wp-content\/uploads\/2017\/06\/Lamina-Acrilico-Lucite-150x150.jpg\" alt=\"\" width=\"150\" height=\"150\" srcset=\"https:\/\/fomentoplastico.com\/wp1\/wp-content\/uploads\/2017\/06\/Lamina-Acrilico-Lucite-150x150.jpg 150w, https:\/\/fomentoplastico.com\/wp1\/wp-content\/uploads\/2017\/06\/Lamina-Acrilico-Lucite-340x340.jpg 340w, https:\/\/fomentoplastico.com\/wp1\/wp-content\/uploads\/2017\/06\/Lamina-Acrilico-Lucite-233x233.jpg 233w\" sizes=\"auto, (max-width: 150px) 100vw, 150px\" \/><\/h3>\n<ul>\n<li>Pvc<\/li>\n<li>Acr\u00edlicas<\/li>\n<li>Coroplast<\/li>\n<\/ul>\n<\/div>\n<\/div><\/div><\/div><div id=\"pgc-183-1-1\"  class=\"panel-grid-cell\" ><div id=\"panel-183-1-1-0\" class=\"so-panel widget widget_sow-editor panel-first-child panel-last-child\" data-index=\"4\" ><div\n\t\t\t\n\t\t\tclass=\"so-widget-sow-editor so-widget-sow-editor-base\"\n\t\t\t\n\t\t>\n<div class=\"siteorigin-widget-tinymce textwidget\">\n\t<h3 class=\"widget-title\" style=\"text-align: center;\">Decoraci\u00f3n Ventanas<\/h3>\n<p><img loading=\"lazy\" decoding=\"async\" class=\"aligncenter size-thumbnail wp-image-77\" src=\"https:\/\/fomentoplastico.com\/wp1\/wp-content\/uploads\/2017\/06\/cropped-p1010078-150x150.jpg\" alt=\"\" width=\"150\" height=\"150\" srcset=\"https:\/\/fomentoplastico.com\/wp1\/wp-content\/uploads\/2017\/06\/cropped-p1010078-150x150.jpg 150w, https:\/\/fomentoplastico.com\/wp1\/wp-content\/uploads\/2017\/06\/cropped-p1010078-340x340.jpg 340w, https:\/\/fomentoplastico.com\/wp1\/wp-content\/uploads\/2017\/06\/cropped-p1010078-233x233.jpg 233w\" sizes=\"auto, (max-width: 150px) 100vw, 150px\" \/><\/p>\n<ul>\n<li>Frost (Sandblast) 1.37 \u2013 1.5<\/li>\n<li>Frost \u201cHexis\u201d&nbsp; 1.37<\/li>\n<li>Espejo<\/li>\n<li>Polarizado<\/li>\n<\/ul>\n<\/div>\n<\/div><\/div><\/div><div id=\"pgc-183-1-2\"  class=\"panel-grid-cell\" ><div id=\"panel-183-1-2-0\" class=\"so-panel widget widget_sow-editor panel-first-child panel-last-child\" data-index=\"5\" ><div\n\t\t\t\n\t\t\tclass=\"so-widget-sow-editor so-widget-sow-editor-base\"\n\t\t\t\n\t\t>\n<div class=\"siteorigin-widget-tinymce textwidget\">\n\t<h3 class=\"widget-title\" style=\"text-align: center;\">Maquinaria y Otros<\/h3>\n<p><img loading=\"lazy\" decoding=\"async\" class=\"aligncenter size-thumbnail wp-image-30\" src=\"https:\/\/fomentoplastico.com\/wp1\/wp-content\/uploads\/2017\/06\/01-pistola-de-aire-caliente-leister-150x150.jpg\" alt=\"\" width=\"150\" height=\"150\" srcset=\"https:\/\/fomentoplastico.com\/wp1\/wp-content\/uploads\/2017\/06\/01-pistola-de-aire-caliente-leister-150x150.jpg 150w, https:\/\/fomentoplastico.com\/wp1\/wp-content\/uploads\/2017\/06\/01-pistola-de-aire-caliente-leister-340x340.jpg 340w, https:\/\/fomentoplastico.com\/wp1\/wp-content\/uploads\/2017\/06\/01-pistola-de-aire-caliente-leister-233x233.jpg 233w\" sizes=\"auto, (max-width: 150px) 100vw, 150px\" \/><\/p>\n<ul>\n<li>M\u00e1quina Vulcanizado Calor<\/li>\n<li>Maquina Alta Frecuencia<\/li>\n<li>Toldos y Manteados (Colores)<\/li>\n<\/ul>\n<p>&nbsp;<\/p>\n<\/div>\n<\/div><\/div><\/div><\/div><\/div>","protected":false},"excerpt":{"rendered":"<p>Vinyl AdhesivoAdhesivo Impresi\u00f3n:&nbsp; Fondo Blanco y Fondo NegroCorte Electr\u00f3nico &#8220;Hexis&#8221; (Made In France)Adhesivo \u201c Bat&nbsp; \u201cMicroperforadoReflectivo Alta Intensidad y Grado Rotulaci\u00f3nPhotoluminicenteFluorecenteFibra CarbonoBlack Board LonasImpresi\u00f3n DigitalLona Mesh100% Polyester (Sublimar)Lona Block OutLona Trasl\u00facidaLona Banner Herrajes&nbsp;Botones Para ToldosPrensas Para ToldosOjetesPegamento Pu Para LonaRoller UpPlumas L\u00e1minasPvcAcr\u00edlicasCoroplast Decoraci\u00f3n VentanasFrost (Sandblast) 1.37 \u2013 1.5Frost \u201cHexis\u201d&nbsp; 1.37EspejoPolarizado Maquinaria y OtrosM\u00e1quina Vulcanizado CalorMaquina<a class=\"moretag\" href=\"https:\/\/fomentoplastico.com\/wp1\/productos\/\"><span class=\"screen-reader-text\">Read more about Productos<\/span>[&#8230;]<\/a><\/p>\n","protected":false},"author":1,"featured_media":0,"parent":0,"menu_order":0,"comment_status":"closed","ping_status":"closed","template":"","meta":{"ngg_post_thumbnail":0,"footnotes":""},"class_list":["post-183","page","type-page","status-publish","hentry"],"_links":{"self":[{"href":"https:\/\/fomentoplastico.com\/wp1\/wp-json\/wp\/v2\/pages\/183","targetHints":{"allow":["GET"]}}],"collection":[{"href":"https:\/\/fomentoplastico.com\/wp1\/wp-json\/wp\/v2\/pages"}],"about":[{"href":"https:\/\/fomentoplastico.com\/wp1\/wp-json\/wp\/v2\/types\/page"}],"author":[{"embeddable":true,"href":"https:\/\/fomentoplastico.com\/wp1\/wp-json\/wp\/v2\/users\/1"}],"replies":[{"embeddable":true,"href":"https:\/\/fomentoplastico.com\/wp1\/wp-json\/wp\/v2\/comments?post=183"}],"version-history":[{"count":5,"href":"https:\/\/fomentoplastico.com\/wp1\/wp-json\/wp\/v2\/pages\/183\/revisions"}],"predecessor-version":[{"id":204,"href":"https:\/\/fomentoplastico.com\/wp1\/wp-json\/wp\/v2\/pages\/183\/revisions\/204"}],"wp:attachment":[{"href":"https:\/\/fomentoplastico.com\/wp1\/wp-json\/wp\/v2\/media?parent=183"}],"curies":[{"name":"wp","href":"https:\/\/api.w.org\/{rel}","templated":true}]}}